{"id":1606,"date":"2024-12-11T10:07:38","date_gmt":"2024-12-11T09:07:38","guid":{"rendered":"https:\/\/sklep3.vebi.pro\/?post_type=product&#038;p=1606"},"modified":"2026-03-05T13:03:17","modified_gmt":"2026-03-05T12:03:17","slug":"ceramikker-liquid-glass-plynne-szklo-na-auto-powloka-hydrofobowa","status":"publish","type":"product","link":"https:\/\/gamakolorowchojnice.pl\/?product=ceramikker-liquid-glass-plynne-szklo-na-auto-powloka-hydrofobowa","title":{"rendered":"CERAMIKKER Liquid Glass \u2013 p\u0142ynne szk\u0142o na auto pow\u0142oka hydrofobowa"},"content":{"rendered":"<ul>\n<li>Tworzy pow\u0142ok\u0119 przypominaj\u0105c\u0105\u00a0<strong>tafle szk\u0142a<\/strong>, kt\u00f3ra\u00a0<strong>maskuje mikro-zarysowania i niedoskona\u0142o\u015bci lakieru.<\/strong><\/li>\n<li>Technologia\u00a0<strong>samooczyszczaj\u0105cej si\u0119 karoserii<\/strong>, kt\u00f3ra<strong>\u00a0odpycha brud i kurz<\/strong>, utrzymuj\u0105c Tw\u00f3j samoch\u00f3d w perfekcyjnej czysto\u015bci.<\/li>\n<li>Lustrzane wyko\u0144czenie lakieru\u00a0<strong>od\u015bwie\u017ca wygl\u0105d auta<\/strong>\u00a0i\u00a0<strong>podkre\u015bla g\u0142\u0119bi\u0119 koloru<\/strong>, sprawiaj\u0105c, \u017ce auto prezentuje si\u0119 niczym prosto z salonu.<\/li>\n<li><strong>Banalnie \u0142atwa kilkuminutowa aplikacja<\/strong>, gwarancja \u015bwietnego efektu przy\u00a0<strong>minimalnym nak\u0142adzie pracy.<\/strong><\/li>\n<li>Profesjonalne zabezpieczenie auta na kilka miesi\u0119cy za\u00a0<strong>cen\u0119 kilkana\u015bcie razy mniejsz\u0105<\/strong>\u00a0w por\u00f3wnaniu do us\u0142ug w studiu detailingowym.<\/li>\n<\/ul>\n<p>Ka\u017cdy zestaw zawiera:<\/p>\n<ul>\n<li>500 ml polimerowo-syntetycznego p\u0142ynnego szk\u0142a<\/li>\n<li>Wysokiej jako\u015bci trigger<\/li>\n<\/ul>\n<p>Po dok\u0142adnym umyciu karoserii, pozbywaj\u0105c si\u0119 powierzchownego brudu oraz uci\u0105\u017cliwych zabrudze\u0144 a nast\u0119pnie osuszeniu i odt\u0142uszczeniu karoserii. Trwa\u0142o\u015b\u0107 od 4 do 6 miesi\u0119cy.<\/p>\n<p><strong>Mniejsza wydajno\u015b\u0107 (aplikacja na mokro):<\/strong><\/p>\n<p>500 ml produktu wystarczy do 3 zabezpiecze\u0144 \u015bredniej wielko\u015bci ca\u0142ego auta.<\/p>\n<p><strong>Du\u017ca wydajno\u015b\u0107 (aplikacja na sucho):<\/strong><\/p>\n<p>500 ml produktu wystarczy do 10 zabezpiecze\u0144 \u015bredniej wielko\u015bci ca\u0142ego auta.<\/p>\n","protected":false},"excerpt":{"rendered":"<p>Tworzy pow\u0142ok\u0119 przypominaj\u0105c\u0105\u00a0tafle szk\u0142a, kt\u00f3ra\u00a0maskuje mikro-zarysowania i niedoskona\u0142o\u015bci lakieru. Technologia\u00a0samooczyszczaj\u0105cej si\u0119 karoserii, kt\u00f3ra\u00a0odpycha brud i kurz, utrzymuj\u0105c Tw\u00f3j samoch\u00f3d w perfekcyjnej czysto\u015bci. Lustrzane wyko\u0144czenie lakieru\u00a0od\u015bwie\u017ca wygl\u0105d auta\u00a0i\u00a0podkre\u015bla g\u0142\u0119bi\u0119 koloru, sprawiaj\u0105c, \u017ce auto prezentuje si\u0119 niczym prosto z salonu. Banalnie \u0142atwa kilkuminutowa aplikacja, gwarancja \u015bwietnego efektu przy\u00a0minimalnym nak\u0142adzie pracy. Profesjonalne zabezpieczenie auta na kilka miesi\u0119cy za\u00a0cen\u0119 [&hellip;]<\/p>\n","protected":false},"featured_media":2191,"template":"","meta":[],"product_brand":[],"product_cat":[186],"product_tag":[],"class_list":{"0":"post-1606","1":"product","2":"type-product","3":"status-publish","4":"has-post-thumbnail","6":"product_cat-szklo-plynne","8":"first","9":"instock","10":"featured","11":"taxable","12":"shipping-taxable","13":"purchasable","14":"product-type-simple"},"_links":{"self":[{"href":"https:\/\/gamakolorowchojnice.pl\/index.php?rest_route=\/wp\/v2\/product\/1606","targetHints":{"allow":["GET"]}}],"collection":[{"href":"https:\/\/gamakolorowchojnice.pl\/index.php?rest_route=\/wp\/v2\/product"}],"about":[{"href":"https:\/\/gamakolorowchojnice.pl\/index.php?rest_route=\/wp\/v2\/types\/product"}],"wp:featuredmedia":[{"embeddable":true,"href":"https:\/\/gamakolorowchojnice.pl\/index.php?rest_route=\/wp\/v2\/media\/2191"}],"wp:attachment":[{"href":"https:\/\/gamakolorowchojnice.pl\/index.php?rest_route=%2Fwp%2Fv2%2Fmedia&parent=1606"}],"wp:term":[{"taxonomy":"product_brand","embeddable":true,"href":"https:\/\/gamakolorowchojnice.pl\/index.php?rest_route=%2Fwp%2Fv2%2Fproduct_brand&post=1606"},{"taxonomy":"product_cat","embeddable":true,"href":"https:\/\/gamakolorowchojnice.pl\/index.php?rest_route=%2Fwp%2Fv2%2Fproduct_cat&post=1606"},{"taxonomy":"product_tag","embeddable":true,"href":"https:\/\/gamakolorowchojnice.pl\/index.php?rest_route=%2Fwp%2Fv2%2Fproduct_tag&post=1606"}],"curies":[{"name":"wp","href":"https:\/\/api.w.org\/{rel}","templated":true}]}}